{"id":297,"date":"2020-03-11T07:07:20","date_gmt":"2020-03-11T06:07:20","guid":{"rendered":"http:\/\/2020.ser-online.de\/?page_id=297"},"modified":"2020-07-10T16:12:42","modified_gmt":"2020-07-10T14:12:42","slug":"mega-sin","status":"publish","type":"page","link":"https:\/\/ser-online.de\/en\/mega-sin\/","title":{"rendered":"Mega-SIN"},"content":{"rendered":"<p><span id=\"result_box\" class=\"\" lang=\"en\"><span class=\"\">Sinus inverter with integrated control for Profibus control.<\/span><\/span><\/p>\n<p>universally applicable in single-user system or in complex systems<\/p>\n<p>easy handling. Reliability and high flexibility<\/p>\n<p>&nbsp;<\/p>\n<p><img loading=\"lazy\" decoding=\"async\" class=\"alignnone size-medium wp-image-281\" src=\"https:\/\/ser-online.de\/wp-content\/uploads\/2020\/03\/sin-1000-300x225.jpg\" alt=\"\" width=\"300\" height=\"225\" srcset=\"https:\/\/ser-online.de\/wp-content\/uploads\/2020\/03\/sin-1000-300x225.jpg 300w, https:\/\/ser-online.de\/wp-content\/uploads\/2020\/03\/sin-1000-400x300.jpg 400w, https:\/\/ser-online.de\/wp-content\/uploads\/2020\/03\/sin-1000-150x113.jpg 150w, https:\/\/ser-online.de\/wp-content\/uploads\/2020\/03\/sin-1000.jpg 433w\" sizes=\"auto, (max-width: 300px) 100vw, 300px\" \/><\/p>\n<p>Operation area:<\/p>\n<ul>\n<li>Adjustable frequency between 5 &#8211; 200 Hz.<\/li>\n<li>Seam welding machines<\/li>\n<\/ul>\n<h2><div class=\"tx-row  tx-fwidth\" style=\"\"><div class=\"tx-fw-inner\" style=\"background-color: #1e73be; height: 52px; background-attachment: fixed; background-size: cover; \"><div class=\"tx-fw-overlay\" style=\"padding-bottom:10px; padding-top:10px; background-color: rgba(0,0,0,0.0);\"><div class=\"tx-fw-content\"><span style=\"color: #ffffff\">Mega SIN<\/span><\/div><\/div><\/div><\/div><\/h2>\n<div class=\"tx-spacer clearfix\" style=\"height: \u201d12\u2033px\"><\/div><div class=\"tx-portfolio tx-post-row tx-masonry \"><div class=\"tx-portfolio-item tx-post-col-4\"><div class=\"tx-border-box\"><span class=\"folio-head\"><h3 class=\"tx-folio-title\"><a href=\"https:\/\/ser-online.de\/en\/?portfolio=sinus-leistungsstufe\">Sinus power stage<\/a><\/h3><div class=\"tx-folio-category\">Mega-SIN<\/div><\/span><div class=\"tx-folio-content\">&#8211; for point hump and seam welding &#8211; Connection values with the same power reduced up to 60% &#8211; no unbalanced network load, as 3-phase supply &#8211; low reactive power &#8211; higher&lt;a class=&quot;moretag&quot; href=&quot;https:\/\/ser-online.de\/en\/?portfolio=sinus-leistungsstufe&quot;&gt;Read More...&lt;\/a&gt;<\/div><\/div><\/div><div class=\"tx-portfolio-item tx-post-col-4\"><div class=\"tx-border-box\"><div class=\"tx-folio-img\"><div class=\"tx-folio-img-wrap\"><img decoding=\"async\" src=\"https:\/\/ser-online.de\/wp-content\/uploads\/2020\/03\/sin-1000-600x480.jpg\" alt=\"\" class=\"folio-img\" \/><\/div><div class=\"folio-links\"><span><a href=\"https:\/\/ser-online.de\/en\/?portfolio=sinusinverter-1000er-baureihe\" class=\"folio-linkico\"><i class=\"fa fa-link\"><\/i><\/a><a href=\"https:\/\/ser-online.de\/wp-content\/uploads\/2020\/03\/sin-1000-400x300.jpg\" class=\"tx-colorbox folio-zoomico\"><i class=\"fa fa-search-plus\"><\/i><\/a><\/span><\/div><\/div><span class=\"folio-head\"><h3 class=\"tx-folio-title\"><a href=\"https:\/\/ser-online.de\/en\/?portfolio=sinusinverter-1000er-baureihe\">Sinusinverter: 1000 series<\/a><\/h3><div class=\"tx-folio-category\">Mega-SIN<\/div><\/span><div class=\"tx-folio-content\">&#8211; f\u00fcr Buckel- und Rollennahtschwei\u00dfen bis 1500 kVA &#8211; Ausgangsfrequenz intern einstellbar (5-200)Hz oder externe Vorgabe SPS &#8211; Ersatz f\u00fcr Thyristorleistungsstufen &#8211; Reduzierung t &#8211; keine unsymetrische Netzbelastung, da 3-phasige Einspeisung &#8211;&lt;a class=&quot;moretag&quot; href=&quot;https:\/\/ser-online.de\/en\/?portfolio=sinusinverter-1000er-baureihe&quot;&gt;Read More...&lt;\/a&gt;<\/div><\/div><\/div><\/div><div class=\"nx-paging\"><div class=\"nx-paging-inner\"><\/div><\/div><div class=\"tx-spacer clearfix\" style=\"height: \u201d64\u2033px\"><\/div>\n","protected":false},"excerpt":{"rendered":"<p>Sinus inverter with integrated control for Profibus control. universally applicable in single-user system or in complex systems easy handling. Reliability and high flexibility &nbsp; Operation area: Adjustable frequency between 5 &#8211; 200<a class=\"moretag\" href=\"https:\/\/ser-online.de\/en\/?portfolio=sinusinverter-1000er-baureihe\">Read More&#8230;<\/a><\/p>\n","protected":false},"author":1,"featured_media":0,"parent":0,"menu_order":0,"comment_status":"closed","ping_status":"closed","template":"","meta":{"_acf_changed":false,"om_disable_all_campaigns":false,"_monsterinsights_skip_tracking":false,"_monsterinsights_sitenote_active":false,"_monsterinsights_sitenote_note":"","_monsterinsights_sitenote_category":0,"_uf_show_specific_survey":0,"_uf_disable_surveys":false,"footnotes":""},"class_list":["post-297","page","type-page","status-publish","hentry"],"translation":{"provider":"WPGlobus","version":"3.0.2","language":"en","enabled_languages":["de","en"],"languages":{"de":{"title":true,"content":true,"excerpt":false},"en":{"title":true,"content":true,"excerpt":false}}},"acf":[],"aioseo_notices":[],"_links":{"self":[{"href":"https:\/\/ser-online.de\/en\/wp-json\/wp\/v2\/pages\/297","targetHints":{"allow":["GET"]}}],"collection":[{"href":"https:\/\/ser-online.de\/en\/wp-json\/wp\/v2\/pages"}],"about":[{"href":"https:\/\/ser-online.de\/en\/wp-json\/wp\/v2\/types\/page"}],"author":[{"embeddable":true,"href":"https:\/\/ser-online.de\/en\/wp-json\/wp\/v2\/users\/1"}],"replies":[{"embeddable":true,"href":"https:\/\/ser-online.de\/en\/wp-json\/wp\/v2\/comments?post=297"}],"version-history":[{"count":4,"href":"https:\/\/ser-online.de\/en\/wp-json\/wp\/v2\/pages\/297\/revisions"}],"predecessor-version":[{"id":933,"href":"https:\/\/ser-online.de\/en\/wp-json\/wp\/v2\/pages\/297\/revisions\/933"}],"wp:attachment":[{"href":"https:\/\/ser-online.de\/en\/wp-json\/wp\/v2\/media?parent=297"}],"curies":[{"name":"wp","href":"https:\/\/api.w.org\/{rel}","templated":true}]}}