{"id":139,"date":"2020-03-08T15:09:10","date_gmt":"2020-03-08T14:09:10","guid":{"rendered":"http:\/\/2020.ser-online.de\/?page_id=139"},"modified":"2020-03-08T15:16:50","modified_gmt":"2020-03-08T14:16:50","slug":"cookie-richtlinie","status":"publish","type":"page","link":"https:\/\/ser-online.de\/en\/cookie-richtlinie\/","title":{"rendered":"Cookie-Richtlinie"},"content":{"rendered":"<div class=\"cli_pg_page_contaner\">\n<h2 class=\"postheader\">Cookies-Richtlinien<\/h2>\n<p><strong>Diese Cookie Richtlinie gilt f\u00fcr die vorliegende Webseite der im Impressum genannten SER-Gesellschaft.<\/strong><\/p>\n<p>Stand : Mai 2018<\/p>\n<p>Wenn Sie SER Webseiten besuchen, werden auf Ihrem Endger\u00e4t Informationen in Form eines &#8220;Cookie&#8221; abgelegt. Cookies sind kleine Dateien, die auf Ihrem Endger\u00e4t gespeichert werden und die bestimmte Einstellungen und Daten zum Austausch mit unseren Seiten \u00fcber Ihren Browser speichern.<\/p>\n<p>Cookies erlauben es uns beispielsweise, eine Webseite an Ihre Interessen anzupassen. Grunds\u00e4tzlich erheben wir mittels Cookies keine personenbezogenen Daten.<\/p>\n<p>Wenn Sie nicht m\u00f6chten, dass wir Ihr Endger\u00e4t wiedererkennen, stellen Sie Ihren Internet-Browser bitte so ein, dass er Cookies von ihrem Ger\u00e4t l\u00f6scht, alle Cookies blockiert oder Sie warnt, bevor ein Cookie gespeichert wird.<\/p>\n<p>Bitte beachten Sie, dass bestimmte Funktionalit\u00e4ten unserer Webseiten m\u00f6glicherweise ohne Cookies nicht mehr oder nicht mehr richtig funktionieren.<\/p>\n<p><strong>Kategorisierung von Cookies<\/strong><\/p>\n<p>Abh\u00e4ngig von ihrer Funktion und ihrem Verwendungszweck k\u00f6nnen Cookies in vier Kategorien eingeteilt werden: Unbedingt erforderliche Cookies, Performance Cookies, Funktionale Cookies und Cookies f\u00fcr Marketingzwecke.<\/p>\n<p><strong>Unbedingt erforderliche Cookies<\/strong><\/p>\n<p>werden ben\u00f6tigt, damit Sie auf den SER Webseiten navigieren und die Basisfunktionen der Webseite bedienen k\u00f6nnen wie zum Beispiel die Vergabe von anonymen Session IDs zur B\u00fcndelung mehrerer zusammengeh\u00f6riger Abfragen an einen Server.<\/p>\n<p><strong>Performance Cookies<\/strong><\/p>\n<p>sammeln Informationen \u00fcber die Nutzungsweise unserer Webseiten z.B. verwendeter Internet-Browser und Betriebssystem; Domain-Name der Webseite, von der Sie kamen, Anzahl der Besuche, durchschnittliche Verweilzeit, aufgerufene Seiten.<\/p>\n<p>Diese Cookies speichern keine Informationen, die eine pers\u00f6nliche Identifikation des Nutzers zulassen. Die mit Hilfe der Cookies gesammelten Informationen sind aggregiert und daher anonym. Performance Cookies werden dazu verwendet, die Nutzerfreundlichkeit einer Webseite und damit das Nutzererlebnis zu verbessern. Dem Einsatz eines solchen Cookies<\/p>\n<p>k\u00f6nnen Sie jeweils durch einen Ausschluss-Cookie widersprechen.<\/p>\n<p><strong>Funktionale Cookies<\/strong><\/p>\n<p>erm\u00f6glichen es einer Webseite, bereits get\u00e4tigte Angaben\u00a0 (wie z.B. Benutzernamen, Sprachauswahl oder der Ort, an dem Sie sich befinden) zu speichern und dem Nutzer verbesserte, pers\u00f6nlichere Funktionen anzubieten. Funktionale Cookies werden au\u00dferdem dazu benutzt, angeforderte Funktionen wie das Abspielen von Videos zu erm\u00f6glichen.<\/p>\n<p><strong>Cookies verwalten<\/strong><\/p>\n<p><em>Bitte beachten Sie, dass m\u00f6glicherweise nicht alle der hier aufgez\u00e4hlten Cookies Verwendung finden, wenn Sie diese Seite mit einem mobilen Endger\u00e4t aufrufen.<\/em><\/p>\n<p><strong>Performance Cookies: Google Analytics<\/strong><\/p>\n<p>Wir setzen auf unserer Webseite Google Analytics ein, um die Webseite stetig zu verbessern und\/oder Fehler zu erkennen. Hierzu werden unter anderem die besuchte Webseite inklusive deren Metadaten, die auf SER verweisenden Internetseiten, der Zeitpunkt des Aufrufs und der verwendete Browser gespeichert und anonym ausgewertet.<\/p>\n<\/div>\n<div class=\"cli_pg_page_contaner\"><\/div>\n","protected":false},"excerpt":{"rendered":"<p>Cookies-Richtlinien Diese Cookie Richtlinie gilt f\u00fcr die vorliegende Webseite der im Impressum genannten SER-Gesellschaft. Stand : Mai 2018 Wenn Sie SER Webseiten besuchen, werden auf Ihrem Endger\u00e4t Informationen in Form eines &#8220;Cookie&#8221;<a class=\"moretag\" href=\"https:\/\/ser-online.de\/en\/cookie-richtlinie\/\">Read More&#8230;<\/a><\/p>\n","protected":false},"author":1,"featured_media":0,"parent":0,"menu_order":0,"comment_status":"closed","ping_status":"closed","template":"","meta":{"_acf_changed":false,"om_disable_all_campaigns":false,"_monsterinsights_skip_tracking":false,"_monsterinsights_sitenote_active":false,"_monsterinsights_sitenote_note":"","_monsterinsights_sitenote_category":0,"_uf_show_specific_survey":0,"_uf_disable_surveys":false,"footnotes":""},"class_list":["post-139","page","type-page","status-publish","hentry"],"translation":{"provider":"WPGlobus","version":"3.0.2","language":"en","enabled_languages":["de","en"],"languages":{"de":{"title":true,"content":true,"excerpt":false},"en":{"title":false,"content":false,"excerpt":false}}},"acf":[],"aioseo_notices":[],"_links":{"self":[{"href":"https:\/\/ser-online.de\/en\/wp-json\/wp\/v2\/pages\/139","targetHints":{"allow":["GET"]}}],"collection":[{"href":"https:\/\/ser-online.de\/en\/wp-json\/wp\/v2\/pages"}],"about":[{"href":"https:\/\/ser-online.de\/en\/wp-json\/wp\/v2\/types\/page"}],"author":[{"embeddable":true,"href":"https:\/\/ser-online.de\/en\/wp-json\/wp\/v2\/users\/1"}],"replies":[{"embeddable":true,"href":"https:\/\/ser-online.de\/en\/wp-json\/wp\/v2\/comments?post=139"}],"version-history":[{"count":0,"href":"https:\/\/ser-online.de\/en\/wp-json\/wp\/v2\/pages\/139\/revisions"}],"wp:attachment":[{"href":"https:\/\/ser-online.de\/en\/wp-json\/wp\/v2\/media?parent=139"}],"curies":[{"name":"wp","href":"https:\/\/api.w.org\/{rel}","templated":true}]}}